{"id":1076,"date":"2021-08-30T17:20:30","date_gmt":"2021-08-30T20:20:30","guid":{"rendered":"https:\/\/imais.online\/portal\/?page_id=1076"},"modified":"2025-06-24T08:53:36","modified_gmt":"2025-06-24T11:53:36","slug":"fale-conosco","status":"publish","type":"page","link":"https:\/\/imais.online\/portal\/fale-conosco\/","title":{"rendered":"Fale Conosco"},"content":{"rendered":"<div class=\"imais-before-content-placement\" id=\"imais-2676875689\"><script async src=\"\/\/pagead2.googlesyndication.com\/pagead\/js\/adsbygoogle.js?client=ca-pub-8787528412751566\" crossorigin=\"anonymous\"><\/script><ins class=\"adsbygoogle\" style=\"display:block;\" data-ad-client=\"ca-pub-8787528412751566\" \ndata-ad-slot=\"\" \ndata-ad-format=\"auto\"><\/ins>\n<script> \n(adsbygoogle = window.adsbygoogle || []).push({}); \n<\/script>\n<\/div>\n<p><\/p>\n\n\n\n<figure class=\"wp-block-image\"><img decoding=\"async\" src=\"https:\/\/www.maisindaia.com.br\/wp-content\/uploads\/2025\/04\/image.png\" alt=\"\" class=\"wp-image-374\"\/><\/figure>\n\n\n\n<p>O\u00a0<strong>Portal iMais<\/strong>\u00a0\u00e9 uma plataforma de not\u00edcias e conte\u00fados que faz parte da\u00a0<strong>Loggar M\u00eddia<\/strong>, uma empresa especializada em comunica\u00e7\u00e3o, publicidade e entretenimento. Nosso compromisso \u00e9 levar at\u00e9 voc\u00ea as principais novidades da regi\u00e3o, com mat\u00e9rias relevantes, coberturas de eventos e informa\u00e7\u00f5es que impactam o dia a dia da comunidade.<\/p>\n\n\n\n<p>Seja para se manter informado ou para dar visibilidade ao seu neg\u00f3cio, o\u00a0<strong>Portal iMais<\/strong>\u00a0\u00e9 o canal ideal. Oferecemos espa\u00e7os publicit\u00e1rios estrat\u00e9gicos para empresas que desejam alcan\u00e7ar um p\u00fablico qualificado e engajado.<\/p>\n\n\n\n<p>Quer anunciar e expandir sua marca? Entre em contato conosco pelo e-mail&nbsp;<strong><a class=\"\">comercial@loggar.com.br<\/a><\/strong>&nbsp;e descubra as melhores solu\u00e7\u00f5es para sua empresa!<\/p>\n\n\n\n<p><strong>Para envio de releases ou conte\u00fados<\/strong>\u00a0encaminhe sua mensagem para o e-mail\u00a0<a href=\"mailto:voce@maisindaia.com.br\"><strong>conteudo@imais.online<\/strong><\/a>.<\/p>\n","protected":false},"excerpt":{"rendered":"<p>O\u00a0Portal iMais\u00a0\u00e9 uma plataforma de not\u00edcias e conte\u00fados que faz parte da\u00a0Loggar M\u00eddia, uma empresa especializada em comunica\u00e7\u00e3o, publicidade e entretenimento. Nosso compromisso \u00e9 levar at\u00e9 voc\u00ea as principais novidades da regi\u00e3o, com mat\u00e9rias relevantes, coberturas de eventos e informa\u00e7\u00f5es que impactam o dia a dia da comunidade. Seja para se manter informado ou para [&hellip;]<\/p>\n","protected":false},"author":6,"featured_media":0,"parent":0,"menu_order":0,"comment_status":"closed","ping_status":"closed","template":"","meta":{"rop_custom_images_group":[],"rop_custom_messages_group":[],"rop_publish_now":"initial","rop_publish_now_accounts":[],"rop_publish_now_history":[],"rop_publish_now_status":"pending","footnotes":""},"class_list":["post-1076","page","type-page","status-publish","hentry"],"_links":{"self":[{"href":"https:\/\/imais.online\/portal\/wp-json\/wp\/v2\/pages\/1076","targetHints":{"allow":["GET"]}}],"collection":[{"href":"https:\/\/imais.online\/portal\/wp-json\/wp\/v2\/pages"}],"about":[{"href":"https:\/\/imais.online\/portal\/wp-json\/wp\/v2\/types\/page"}],"author":[{"embeddable":true,"href":"https:\/\/imais.online\/portal\/wp-json\/wp\/v2\/users\/6"}],"replies":[{"embeddable":true,"href":"https:\/\/imais.online\/portal\/wp-json\/wp\/v2\/comments?post=1076"}],"version-history":[{"count":4,"href":"https:\/\/imais.online\/portal\/wp-json\/wp\/v2\/pages\/1076\/revisions"}],"predecessor-version":[{"id":27807,"href":"https:\/\/imais.online\/portal\/wp-json\/wp\/v2\/pages\/1076\/revisions\/27807"}],"wp:attachment":[{"href":"https:\/\/imais.online\/portal\/wp-json\/wp\/v2\/media?parent=1076"}],"curies":[{"name":"wp","href":"https:\/\/api.w.org\/{rel}","templated":true}]}}